{"id":23,"date":"2024-02-15T01:15:14","date_gmt":"2024-02-15T00:15:14","guid":{"rendered":"https:\/\/pixelecolab.online\/?page_id=23"},"modified":"2024-02-15T01:15:14","modified_gmt":"2024-02-15T00:15:14","slug":"equipo-de-formacion","status":"publish","type":"page","link":"https:\/\/pixelecolab.online\/index.php\/equipo-de-formacion\/","title":{"rendered":"Equipo de formacion"},"content":{"rendered":"\n<div class=\"wp-block-group alignfull has-global-padding is-layout-constrained wp-container-core-group-layout-5 wp-block-group-is-layout-constrained\" style=\"margin-top:0;margin-bottom:0;padding-top:var(--wp--preset--spacing--50);padding-right:var(--wp--preset--spacing--50);padding-bottom:var(--wp--preset--spacing--50);padding-left:var(--wp--preset--spacing--50)\">\n<div class=\"wp-block-group is-vertical is-content-justification-center is-layout-flex wp-container-core-group-layout-1 wp-block-group-is-layout-flex\">\n<h2 class=\"wp-block-heading has-text-align-center has-xx-large-font-size\">Conoce a nuestro equipo de formaci\u00f3n<\/h2>\n\n\n\n<p class=\"has-text-align-center\">Nuestro amplio conjunto de profesionales atiende a un equipo diverso, que va desde arquitectos experimentados a ingenieros de renombre.<\/p>\n<\/div>\n\n\n\n<div style=\"height:var(--wp--preset--spacing--30)\" aria-hidden=\"true\" class=\"wp-block-spacer\"><\/div>\n\n\n\n<div class=\"wp-block-columns alignwide is-layout-flex wp-container-core-columns-layout-1 wp-block-columns-is-layout-flex\" style=\"padding-right:0;padding-left:0\">\n<div class=\"wp-block-column is-layout-flow wp-block-column-is-layout-flow\">\n<figure class=\"wp-block-image size-full is-style-rounded\"><img loading=\"lazy\" decoding=\"async\" width=\"347\" height=\"347\" src=\"https:\/\/pixelecolab.online\/wp-content\/uploads\/2024\/02\/Imagen4.png\" alt=\"\" class=\"wp-image-17\" style=\"aspect-ratio:1;object-fit:cover\" srcset=\"https:\/\/pixelecolab.online\/wp-content\/uploads\/2024\/02\/Imagen4.png 347w, https:\/\/pixelecolab.online\/wp-content\/uploads\/2024\/02\/Imagen4-300x300.png 300w, https:\/\/pixelecolab.online\/wp-content\/uploads\/2024\/02\/Imagen4-150x150.png 150w\" sizes=\"(max-width: 347px) 100vw, 347px\" \/><\/figure>\n\n\n\n<div class=\"wp-block-group is-vertical is-content-justification-center is-nowrap is-layout-flex wp-container-core-group-layout-2 wp-block-group-is-layout-flex\">\n<p class=\"has-text-align-center has-small-font-size\"> <strong>David Delgado<\/strong> <\/p>\n\n\n\n<p class=\"has-text-align-center has-small-font-size\">Arquitecto de la Universidad de los Andes, con master en Energ\u00edas Renovables Universidad Internacional de Andaluc\u00eda y maestr\u00eda en Arquitectura de la Universidad Nacional de Colombia. Fundador, socio y gerente actual de la oficina David Delgado Arquitectos y profesor de c\u00e1tedra de la facultad de arquitectura de la Universidad de los Andes.<\/p>\n<\/div>\n<\/div>\n\n\n\n<div class=\"wp-block-column is-layout-flow wp-block-column-is-layout-flow\">\n<figure class=\"wp-block-image size-full is-style-rounded\"><img loading=\"lazy\" decoding=\"async\" width=\"296\" height=\"304\" src=\"https:\/\/pixelecolab.online\/wp-content\/uploads\/2024\/02\/Imagen5.png\" alt=\"\" class=\"wp-image-18\" style=\"aspect-ratio:1;object-fit:cover\" srcset=\"https:\/\/pixelecolab.online\/wp-content\/uploads\/2024\/02\/Imagen5.png 296w, https:\/\/pixelecolab.online\/wp-content\/uploads\/2024\/02\/Imagen5-292x300.png 292w\" sizes=\"(max-width: 296px) 100vw, 296px\" \/><\/figure>\n\n\n\n<div class=\"wp-block-group is-vertical is-content-justification-center is-nowrap is-layout-flex wp-container-core-group-layout-3 wp-block-group-is-layout-flex\">\n<p class=\"has-text-align-center has-small-font-size\"> <strong>Edgar Rubio<\/strong> <\/p>\n\n\n\n<p class=\"has-text-align-center has-small-font-size\">Arquitecto de la Universidad Nacional de Colombia, mas de 17 a\u00f1os de experiencia en modelado y coordinacion BIM en proyectos nacionales e internacionales. Ha impartido mas de 3000 horas de capacitacion certificadas por Autodesk.<\/p>\n<\/div>\n<\/div>\n\n\n\n<div class=\"wp-block-column is-layout-flow wp-block-column-is-layout-flow\">\n<figure class=\"wp-block-image size-full is-style-rounded\"><img loading=\"lazy\" decoding=\"async\" width=\"310\" height=\"311\" src=\"https:\/\/pixelecolab.online\/wp-content\/uploads\/2024\/02\/Imagen6.jpg\" alt=\"\" class=\"wp-image-19\" style=\"aspect-ratio:1;object-fit:cover\" srcset=\"https:\/\/pixelecolab.online\/wp-content\/uploads\/2024\/02\/Imagen6.jpg 310w, https:\/\/pixelecolab.online\/wp-content\/uploads\/2024\/02\/Imagen6-300x300.jpg 300w, https:\/\/pixelecolab.online\/wp-content\/uploads\/2024\/02\/Imagen6-150x150.jpg 150w\" sizes=\"(max-width: 310px) 100vw, 310px\" \/><\/figure>\n\n\n\n<div class=\"wp-block-group is-vertical is-content-justification-center is-nowrap is-layout-flex wp-container-core-group-layout-4 wp-block-group-is-layout-flex\">\n<p class=\"has-text-align-center has-small-font-size\"> <strong>Juan Miguel Silva<\/strong> <\/p>\n\n\n\n<p class=\"has-text-align-center has-small-font-size\">Dise\u00f1ador Industrial de la Universidad de los Andes, instructor&nbsp; certificado en Vray, 3ds Max, Autodesk Certified Silver. Fundador, y Director de Kuorcom (visual experience studio), con 17 a\u00f1os de experiencia en la promoci\u00f3n de proyectos inmboliarios en Colombia, Usa y M\u00e9xico. Instructor certificado por Autodesk desde hace 11 a\u00f1os.<\/p>\n<\/div>\n<\/div>\n<\/div>\n<\/div>\n","protected":false},"excerpt":{"rendered":"<p>Conoce a nuestro equipo de formaci\u00f3n Nuestro amplio conjunto de profesionales atiende a un equipo diverso, que va desde arquitectos experimentados a ingenieros de renombre. David Delgado Arquitecto de la Universidad de los Andes, con master en Energ\u00edas Renovables Universidad Internacional de Andaluc\u00eda y maestr\u00eda en Arquitectura de la Universidad Nacional de Colombia. Fundador, socio [&hellip;]<\/p>\n","protected":false},"author":1,"featured_media":0,"parent":0,"menu_order":0,"comment_status":"closed","ping_status":"closed","template":"","meta":{"footnotes":""},"_links":{"self":[{"href":"https:\/\/pixelecolab.online\/index.php\/wp-json\/wp\/v2\/pages\/23"}],"collection":[{"href":"https:\/\/pixelecolab.online\/index.php\/wp-json\/wp\/v2\/pages"}],"about":[{"href":"https:\/\/pixelecolab.online\/index.php\/wp-json\/wp\/v2\/types\/page"}],"author":[{"embeddable":true,"href":"https:\/\/pixelecolab.online\/index.php\/wp-json\/wp\/v2\/users\/1"}],"replies":[{"embeddable":true,"href":"https:\/\/pixelecolab.online\/index.php\/wp-json\/wp\/v2\/comments?post=23"}],"version-history":[{"count":1,"href":"https:\/\/pixelecolab.online\/index.php\/wp-json\/wp\/v2\/pages\/23\/revisions"}],"predecessor-version":[{"id":25,"href":"https:\/\/pixelecolab.online\/index.php\/wp-json\/wp\/v2\/pages\/23\/revisions\/25"}],"wp:attachment":[{"href":"https:\/\/pixelecolab.online\/index.php\/wp-json\/wp\/v2\/media?parent=23"}],"curies":[{"name":"wp","href":"https:\/\/api.w.org\/{rel}","templated":true}]}}